{"id":623,"date":"2025-09-22T14:37:41","date_gmt":"2025-09-22T12:37:41","guid":{"rendered":"https:\/\/rampi.pl\/?page_id=623"},"modified":"2025-10-24T10:51:21","modified_gmt":"2025-10-24T08:51:21","slug":"grafika","status":"publish","type":"page","link":"https:\/\/rampi.pl\/index.php\/grafika\/","title":{"rendered":"Grafika"},"content":{"rendered":"\t\t<div data-elementor-type=\"wp-page\" data-elementor-id=\"623\" class=\"elementor elementor-623\">\n\t\t\t\t<div class=\"elementor-element elementor-element-75e5dfc e-flex e-con-boxed e-con e-parent\" data-id=\"75e5dfc\" data-element_type=\"container\" data-e-type=\"container\" data-settings=\"{&quot;background_background&quot;:&quot;classic&quot;}\">\n\t\t\t\t\t<div class=\"e-con-inner\">\n\t\t\t\t<div class=\"elementor-element elementor-element-599891b elementor-absolute elementor-widget elementor-widget-heading\" data-id=\"599891b\" data-element_type=\"widget\" data-e-type=\"widget\" data-settings=\"{&quot;_position&quot;:&quot;absolute&quot;}\" data-widget_type=\"heading.default\">\n\t\t\t\t\t<h2 class=\"elementor-heading-title elementor-size-default\">Sprawd\u017a Nasze  portfolio<\/h2>\t\t\t\t<\/div>\n\t\t\t\t\t<\/div>\n\t\t\t\t<\/div>\n\t\t<div class=\"elementor-element elementor-element-d846b8f e-flex e-con-boxed e-con e-parent\" data-id=\"d846b8f\" data-element_type=\"container\" data-e-type=\"container\">\n\t\t\t\t\t<div class=\"e-con-inner\">\n\t\t<div class=\"elementor-element elementor-element-64bf916 e-con-full e-flex e-con e-child\" data-id=\"64bf916\" data-element_type=\"container\" data-e-type=\"container\">\n\t\t\t\t<div class=\"elementor-element elementor-element-3f2bf59 elementor-widget elementor-widget-image\" data-id=\"3f2bf59\" data-element_type=\"widget\" data-e-type=\"widget\" data-widget_type=\"image.default\">\n\t\t\t\t\t\t\t\t\t\t\t\t\t\t\t<img fetchpriority=\"high\" decoding=\"async\" width=\"800\" height=\"752\" src=\"http:\/\/www.rampi.pl\/wp-content\/uploads\/2025\/09\/SAMOKOPIA-1-1024x962.jpg\" class=\"attachment-large size-large wp-image-654\" alt=\"\" srcset=\"http:\/\/www.rampi.pl\/wp-content\/uploads\/2025\/09\/SAMOKOPIA-1-1024x962.jpg 1024w, http:\/\/www.rampi.pl\/wp-content\/uploads\/2025\/09\/SAMOKOPIA-1-scaled-600x564.jpg 600w, http:\/\/www.rampi.pl\/wp-content\/uploads\/2025\/09\/SAMOKOPIA-1-300x282.jpg 300w, http:\/\/www.rampi.pl\/wp-content\/uploads\/2025\/09\/SAMOKOPIA-1-768x721.jpg 768w, http:\/\/www.rampi.pl\/wp-content\/uploads\/2025\/09\/SAMOKOPIA-1-1536x1443.jpg 1536w, http:\/\/www.rampi.pl\/wp-content\/uploads\/2025\/09\/SAMOKOPIA-1-2048x1924.jpg 2048w\" sizes=\"(max-width: 800px) 100vw, 800px\" \/>\t\t\t\t\t\t\t\t\t\t\t\t\t\t\t<\/div>\n\t\t\t\t<\/div>\n\t\t<div class=\"elementor-element elementor-element-935c6e5 e-con-full e-flex e-con e-child\" data-id=\"935c6e5\" data-element_type=\"container\" data-e-type=\"container\">\n\t\t<div class=\"elementor-element elementor-element-bf24949 e-con-full e-flex e-con e-child\" data-id=\"bf24949\" data-element_type=\"container\" data-e-type=\"container\">\n\t\t\t\t<div class=\"elementor-element elementor-element-cd1a3c9 elementor-widget elementor-widget-heading\" data-id=\"cd1a3c9\" data-element_type=\"widget\" data-e-type=\"widget\" data-widget_type=\"heading.default\">\n\t\t\t\t\t<h2 class=\"elementor-heading-title elementor-size-default\">DRUK AKCYDENSOWY<\/h2>\t\t\t\t<\/div>\n\t\t\t\t<div class=\"elementor-element elementor-element-5c63a4c elementor-widget elementor-widget-heading\" data-id=\"5c63a4c\" data-element_type=\"widget\" data-e-type=\"widget\" data-widget_type=\"heading.default\">\n\t\t\t\t\t<h2 class=\"elementor-heading-title elementor-size-default\">S\u0105 to wszelkiego rodzaju dokumenty, formularze, samokopie do wype\u0142niania r\u0119cznego jako druki administracyjne. Oferujemy druk czarno-bia\u0142y na papierze offsetowym \/ eco \/  samokopii.<br><br>W druk ten zaliczamy tak\u017ce czarno-bia\u0142e broszury i instrukcje id\u0105ce w tysi\u0105cach sztuk. <br><br>Gwarantujemy przyst\u0119pne ceny, wysokiej jako\u015bci zadruk<br>i szybkie wykonanie zam\u00f3wienia.<\/h2>\t\t\t\t<\/div>\n\t\t\t\t<\/div>\n\t\t\t\t<\/div>\n\t\t\t\t\t<\/div>\n\t\t\t\t<\/div>\n\t\t<div class=\"elementor-element elementor-element-79e687f e-flex e-con-boxed e-con e-parent\" data-id=\"79e687f\" data-element_type=\"container\" data-e-type=\"container\">\n\t\t\t\t\t<div class=\"e-con-inner\">\n\t\t\t\t<div class=\"elementor-element elementor-element-e967234 elementor-widget elementor-widget-image-gallery\" data-id=\"e967234\" data-element_type=\"widget\" data-e-type=\"widget\" data-widget_type=\"image-gallery.default\">\n\t\t\t\t\t\t\t<div class=\"elementor-image-gallery\">\n\t\t\t<div id='gallery-1' class='gallery galleryid-623 gallery-columns-6 gallery-size-thumbnail'><figure class='gallery-item'>\n\t\t\t<div class='gallery-icon landscape'>\n\t\t\t\t<a data-elementor-open-lightbox=\"yes\" data-elementor-lightbox-slideshow=\"e967234\" data-e-action-hash=\"#elementor-action%3Aaction%3Dlightbox%26settings%3DeyJpZCI6NjY5LCJ1cmwiOiJodHRwOlwvXC93d3cucmFtcGkucGxcL3dwLWNvbnRlbnRcL3VwbG9hZHNcLzIwMjVcLzA5XC8yMDI1MDIwNF8xMjIwMDItc2NhbGVkLWUxNzU4NzE5NTUzMzQyLmpwZyIsInNsaWRlc2hvdyI6ImU5NjcyMzQifQ%3D%3D\" href='http:\/\/www.rampi.pl\/wp-content\/uploads\/2025\/09\/20250204_122002-scaled-e1758719553342.jpg'><img decoding=\"async\" width=\"150\" height=\"150\" src=\"http:\/\/www.rampi.pl\/wp-content\/uploads\/2025\/09\/20250204_122002-scaled-e1758719553342-150x150.jpg\" class=\"attachment-thumbnail size-thumbnail\" alt=\"\" srcset=\"http:\/\/www.rampi.pl\/wp-content\/uploads\/2025\/09\/20250204_122002-scaled-e1758719553342-150x150.jpg 150w, http:\/\/www.rampi.pl\/wp-content\/uploads\/2025\/09\/20250204_122002-scaled-e1758719553342-300x300.jpg 300w, http:\/\/www.rampi.pl\/wp-content\/uploads\/2025\/09\/20250204_122002-scaled-e1758719553342-100x100.jpg 100w\" sizes=\"(max-width: 150px) 100vw, 150px\" \/><\/a>\n\t\t\t<\/div><\/figure><figure class='gallery-item'>\n\t\t\t<div class='gallery-icon landscape'>\n\t\t\t\t<a data-elementor-open-lightbox=\"yes\" data-elementor-lightbox-slideshow=\"e967234\" data-e-action-hash=\"#elementor-action%3Aaction%3Dlightbox%26settings%3DeyJpZCI6NjY3LCJ1cmwiOiJodHRwOlwvXC93d3cucmFtcGkucGxcL3dwLWNvbnRlbnRcL3VwbG9hZHNcLzIwMjVcLzA5XC9iaW5kb3dhbmllLXNjYWxlZC1lMTc1ODcxOTMyMDkyMC5qcGciLCJzbGlkZXNob3ciOiJlOTY3MjM0In0%3D\" href='http:\/\/www.rampi.pl\/wp-content\/uploads\/2025\/09\/bindowanie-scaled-e1758719320920.jpg'><img decoding=\"async\" width=\"150\" height=\"150\" src=\"http:\/\/www.rampi.pl\/wp-content\/uploads\/2025\/09\/bindowanie-scaled-e1758719320920-150x150.jpg\" class=\"attachment-thumbnail size-thumbnail\" alt=\"\" srcset=\"http:\/\/www.rampi.pl\/wp-content\/uploads\/2025\/09\/bindowanie-scaled-e1758719320920-150x150.jpg 150w, http:\/\/www.rampi.pl\/wp-content\/uploads\/2025\/09\/bindowanie-scaled-e1758719320920-300x300.jpg 300w, http:\/\/www.rampi.pl\/wp-content\/uploads\/2025\/09\/bindowanie-scaled-e1758719320920-100x100.jpg 100w\" sizes=\"(max-width: 150px) 100vw, 150px\" \/><\/a>\n\t\t\t<\/div><\/figure><figure class='gallery-item'>\n\t\t\t<div class='gallery-icon landscape'>\n\t\t\t\t<a data-elementor-open-lightbox=\"yes\" data-elementor-lightbox-slideshow=\"e967234\" data-e-action-hash=\"#elementor-action%3Aaction%3Dlightbox%26settings%3DeyJpZCI6NjYzLCJ1cmwiOiJodHRwOlwvXC93d3cucmFtcGkucGxcL3dwLWNvbnRlbnRcL3VwbG9hZHNcLzIwMjVcLzA5XC8yMDI1MDIwNF8xMjI1NTUtc2NhbGVkLWUxNzU4NjM1NDg3NzIxLmpwZyIsInNsaWRlc2hvdyI6ImU5NjcyMzQifQ%3D%3D\" href='http:\/\/www.rampi.pl\/wp-content\/uploads\/2025\/09\/20250204_122555-scaled-e1758635487721.jpg'><img loading=\"lazy\" decoding=\"async\" width=\"150\" height=\"150\" src=\"http:\/\/www.rampi.pl\/wp-content\/uploads\/2025\/09\/20250204_122555-scaled-e1758635487721-150x150.jpg\" class=\"attachment-thumbnail size-thumbnail\" alt=\"\" srcset=\"http:\/\/www.rampi.pl\/wp-content\/uploads\/2025\/09\/20250204_122555-scaled-e1758635487721-150x150.jpg 150w, http:\/\/www.rampi.pl\/wp-content\/uploads\/2025\/09\/20250204_122555-scaled-e1758635487721-300x300.jpg 300w, http:\/\/www.rampi.pl\/wp-content\/uploads\/2025\/09\/20250204_122555-scaled-e1758635487721-100x100.jpg 100w\" sizes=\"(max-width: 150px) 100vw, 150px\" \/><\/a>\n\t\t\t<\/div><\/figure><figure class='gallery-item'>\n\t\t\t<div class='gallery-icon landscape'>\n\t\t\t\t<a data-elementor-open-lightbox=\"yes\" data-elementor-lightbox-slideshow=\"e967234\" data-e-action-hash=\"#elementor-action%3Aaction%3Dlightbox%26settings%3DeyJpZCI6NTM2LCJ1cmwiOiJodHRwOlwvXC93d3cucmFtcGkucGxcL3dwLWNvbnRlbnRcL3VwbG9hZHNcLzIwMjVcLzA5XC9udXJhZ2hpZXMtc2NhbGVkLmpwZyIsInNsaWRlc2hvdyI6ImU5NjcyMzQifQ%3D%3D\" href='http:\/\/www.rampi.pl\/wp-content\/uploads\/2025\/09\/nuraghies-scaled.jpg'><img loading=\"lazy\" decoding=\"async\" width=\"150\" height=\"150\" src=\"http:\/\/www.rampi.pl\/wp-content\/uploads\/2025\/09\/nuraghies-150x150.jpg\" class=\"attachment-thumbnail size-thumbnail\" alt=\"\" aria-describedby=\"gallery-1-536\" srcset=\"http:\/\/www.rampi.pl\/wp-content\/uploads\/2025\/09\/nuraghies-150x150.jpg 150w, http:\/\/www.rampi.pl\/wp-content\/uploads\/2025\/09\/nuraghies-scaled-300x300.jpg 300w, http:\/\/www.rampi.pl\/wp-content\/uploads\/2025\/09\/nuraghies-scaled-100x100.jpg 100w\" sizes=\"(max-width: 150px) 100vw, 150px\" \/><\/a>\n\t\t\t<\/div>\n\t\t\t\t<figcaption class='wp-caption-text gallery-caption' id='gallery-1-536'>\n\t\t\t\tPrinting press machine, mass production in action.\n\t\t\t\t<\/figcaption><\/figure><figure class='gallery-item'>\n\t\t\t<div class='gallery-icon landscape'>\n\t\t\t\t<a data-elementor-open-lightbox=\"yes\" data-elementor-lightbox-slideshow=\"e967234\" data-e-action-hash=\"#elementor-action%3Aaction%3Dlightbox%26settings%3DeyJpZCI6NjI3LCJ1cmwiOiJodHRwOlwvXC93d3cucmFtcGkucGxcL3dwLWNvbnRlbnRcL3VwbG9hZHNcLzIwMjVcLzA5XC9wcm9mZXNqb25hbG55LXByb2pla3RhbnQtd25ldHJ6LWx1Yi1hcmNoaXRla3QtcHJhY3VqYWN5LXotcGFsZXRhLWtvbG9yb3ctcnlzdW5rYW1pLXBvbWllc3pjemVuLXctbm93b2N6ZXNueW0tYml1cnplLTEtc2NhbGVkLmpwZyIsInNsaWRlc2hvdyI6ImU5NjcyMzQifQ%3D%3D\" href='http:\/\/www.rampi.pl\/wp-content\/uploads\/2025\/09\/profesjonalny-projektant-wnetrz-lub-architekt-pracujacy-z-paleta-kolorow-rysunkami-pomieszczen-w-nowoczesnym-biurze-1-scaled.jpg'><img loading=\"lazy\" decoding=\"async\" width=\"150\" height=\"150\" src=\"http:\/\/www.rampi.pl\/wp-content\/uploads\/2025\/09\/profesjonalny-projektant-wnetrz-lub-architekt-pracujacy-z-paleta-kolorow-rysunkami-pomieszczen-w-nowoczesnym-biurze-1-scaled-e1758544597670-150x150.jpg\" class=\"attachment-thumbnail size-thumbnail\" alt=\"\" aria-describedby=\"gallery-1-627\" \/><\/a>\n\t\t\t<\/div>\n\t\t\t\t<figcaption class='wp-caption-text gallery-caption' id='gallery-1-627'>\n\t\t\t\tProfessional interior designer or architector working with colour palette, room drawings in modern office. Young female model planning future flat or house, choosing colors and derocation.\n\t\t\t\t<\/figcaption><\/figure><figure class='gallery-item'>\n\t\t\t<div class='gallery-icon landscape'>\n\t\t\t\t<a data-elementor-open-lightbox=\"yes\" data-elementor-lightbox-slideshow=\"e967234\" data-e-action-hash=\"#elementor-action%3Aaction%3Dlightbox%26settings%3DeyJpZCI6NDgwLCJ1cmwiOiJodHRwOlwvXC93d3cucmFtcGkucGxcL3dwLWNvbnRlbnRcL3VwbG9hZHNcLzIwMjVcLzA5XC9tYWdhenluLXNjYWxlZC5qcGciLCJzbGlkZXNob3ciOiJlOTY3MjM0In0%3D\" href='http:\/\/www.rampi.pl\/wp-content\/uploads\/2025\/09\/magazyn-scaled.jpg'><img loading=\"lazy\" decoding=\"async\" width=\"150\" height=\"150\" src=\"http:\/\/www.rampi.pl\/wp-content\/uploads\/2025\/09\/magazyn-150x150.jpg\" class=\"attachment-thumbnail size-thumbnail\" alt=\"\" aria-describedby=\"gallery-1-480\" srcset=\"http:\/\/www.rampi.pl\/wp-content\/uploads\/2025\/09\/magazyn-150x150.jpg 150w, http:\/\/www.rampi.pl\/wp-content\/uploads\/2025\/09\/magazyn-scaled-300x300.jpg 300w, http:\/\/www.rampi.pl\/wp-content\/uploads\/2025\/09\/magazyn-scaled-100x100.jpg 100w\" sizes=\"(max-width: 150px) 100vw, 150px\" \/><\/a>\n\t\t\t<\/div>\n\t\t\t\t<figcaption class='wp-caption-text gallery-caption' id='gallery-1-480'>\n\t\t\t\tmockups-design.com\n\t\t\t\t<\/figcaption><\/figure>\n\t\t<\/div>\n\t\t<\/div>\n\t\t\t\t\t\t<\/div>\n\t\t\t\t\t<\/div>\n\t\t\t\t<\/div>\n\t\t<div class=\"elementor-element elementor-element-2af3dd2 e-flex e-con-boxed e-con e-parent\" data-id=\"2af3dd2\" data-element_type=\"container\" data-e-type=\"container\">\n\t\t\t\t\t<div class=\"e-con-inner\">\n\t\t<div class=\"elementor-element elementor-element-1a770f0 e-con-full e-flex e-con e-child\" data-id=\"1a770f0\" data-element_type=\"container\" data-e-type=\"container\">\n\t\t\t\t<div class=\"elementor-element elementor-element-baad209 elementor-widget elementor-widget-image\" data-id=\"baad209\" data-element_type=\"widget\" data-e-type=\"widget\" data-widget_type=\"image.default\">\n\t\t\t\t\t\t\t\t\t\t\t\t\t\t\t<img loading=\"lazy\" decoding=\"async\" width=\"782\" height=\"801\" src=\"http:\/\/www.rampi.pl\/wp-content\/uploads\/2025\/09\/DRUKARKA.jpg\" class=\"attachment-large size-large wp-image-539\" alt=\"\" srcset=\"http:\/\/www.rampi.pl\/wp-content\/uploads\/2025\/09\/DRUKARKA.jpg 782w, http:\/\/www.rampi.pl\/wp-content\/uploads\/2025\/09\/DRUKARKA-600x615.jpg 600w, http:\/\/www.rampi.pl\/wp-content\/uploads\/2025\/09\/DRUKARKA-293x300.jpg 293w, http:\/\/www.rampi.pl\/wp-content\/uploads\/2025\/09\/DRUKARKA-768x787.jpg 768w\" sizes=\"(max-width: 782px) 100vw, 782px\" \/>\t\t\t\t\t\t\t\t\t\t\t\t\t\t\t<\/div>\n\t\t\t\t<\/div>\n\t\t<div class=\"elementor-element elementor-element-b7966d0 e-con-full e-flex e-con e-child\" data-id=\"b7966d0\" data-element_type=\"container\" data-e-type=\"container\">\n\t\t<div class=\"elementor-element elementor-element-4ace09c e-con-full e-flex e-con e-child\" data-id=\"4ace09c\" data-element_type=\"container\" data-e-type=\"container\">\n\t\t\t\t<div class=\"elementor-element elementor-element-52ab5f0 elementor-widget elementor-widget-heading\" data-id=\"52ab5f0\" data-element_type=\"widget\" data-e-type=\"widget\" data-widget_type=\"heading.default\">\n\t\t\t\t\t<h2 class=\"elementor-heading-title elementor-size-default\"><h2 data-elementor-setting-key=\"title\" data-pen-placeholder=\"Pisz tutaj...\" style=\"font-family: var( --e-global-typography-22acad3-font-family ), Sans-serif;font-weight: var( --e-global-typography-22acad3-font-weight );line-height: var( --e-global-typography-22acad3-line-height );font-size: var( --e-global-typography-22acad3-font-size );text-transform: none;font-style: normal;letter-spacing: normal\">DRUK CYFROWY<\/h2><\/h2>\t\t\t\t<\/div>\n\t\t\t\t<\/div>\n\t\t<div class=\"elementor-element elementor-element-bdfc5e8 e-con-full e-flex e-con e-child\" data-id=\"bdfc5e8\" data-element_type=\"container\" data-e-type=\"container\">\n\t\t\t\t<div class=\"elementor-element elementor-element-525a44c elementor-widget elementor-widget-heading\" data-id=\"525a44c\" data-element_type=\"widget\" data-e-type=\"widget\" data-widget_type=\"heading.default\">\n\t\t\t\t\t<h2 class=\"elementor-heading-title elementor-size-default\"><h2 data-elementor-setting-key=\"title\" data-pen-placeholder=\"Pisz tutaj...\" style=\"font-family: Montserrat, sans-serif;font-weight: 400;line-height: 1.2em;font-size: 22px;text-transform: none;font-style: normal;letter-spacing: normal\"> wraz z automatyczn\u0105 numeracj\u0105 stron i wniosk\u00f3w. <br><br>Gwarantujemy przyst\u0119pne ceny, wysokiej jako\u015bci zadruk<br>i szybkie wykonanie zam\u00f3wienia.<\/h2><\/h2>\t\t\t\t<\/div>\n\t\t\t\t<\/div>\n\t\t\t\t<\/div>\n\t\t\t\t\t<\/div>\n\t\t\t\t<\/div>\n\t\t<div class=\"elementor-element elementor-element-650a138 e-flex e-con-boxed e-con e-parent\" data-id=\"650a138\" data-element_type=\"container\" data-e-type=\"container\">\n\t\t\t\t\t<div class=\"e-con-inner\">\n\t\t<div class=\"elementor-element elementor-element-de56a58 e-con-full e-flex e-con e-child\" data-id=\"de56a58\" data-element_type=\"container\" data-e-type=\"container\">\n\t\t\t\t<div class=\"elementor-element elementor-element-b765107 elementor-widget elementor-widget-image\" data-id=\"b765107\" data-element_type=\"widget\" data-e-type=\"widget\" data-widget_type=\"image.default\">\n\t\t\t\t\t\t\t\t\t\t\t\t\t\t\t<img loading=\"lazy\" decoding=\"async\" width=\"800\" height=\"626\" src=\"http:\/\/www.rampi.pl\/wp-content\/uploads\/2025\/10\/na-strone-inter-1024x801.jpg\" class=\"attachment-large size-large wp-image-743\" alt=\"\" srcset=\"http:\/\/www.rampi.pl\/wp-content\/uploads\/2025\/10\/na-strone-inter-1024x801.jpg 1024w, http:\/\/www.rampi.pl\/wp-content\/uploads\/2025\/10\/na-strone-inter-600x469.jpg 600w, http:\/\/www.rampi.pl\/wp-content\/uploads\/2025\/10\/na-strone-inter-300x235.jpg 300w, http:\/\/www.rampi.pl\/wp-content\/uploads\/2025\/10\/na-strone-inter-768x601.jpg 768w, http:\/\/www.rampi.pl\/wp-content\/uploads\/2025\/10\/na-strone-inter-1536x1202.jpg 1536w, http:\/\/www.rampi.pl\/wp-content\/uploads\/2025\/10\/na-strone-inter-2048x1602.jpg 2048w\" sizes=\"(max-width: 800px) 100vw, 800px\" \/>\t\t\t\t\t\t\t\t\t\t\t\t\t\t\t<\/div>\n\t\t\t\t<\/div>\n\t\t<div class=\"elementor-element elementor-element-6fb9a5a e-con-full e-flex e-con e-child\" data-id=\"6fb9a5a\" data-element_type=\"container\" data-e-type=\"container\">\n\t\t\t\t<div class=\"elementor-element elementor-element-86c1294 elementor-widget elementor-widget-image\" data-id=\"86c1294\" data-element_type=\"widget\" data-e-type=\"widget\" data-widget_type=\"image.default\">\n\t\t\t\t\t\t\t\t\t\t\t\t\t\t\t<img loading=\"lazy\" decoding=\"async\" width=\"800\" height=\"626\" src=\"http:\/\/www.rampi.pl\/wp-content\/uploads\/2025\/10\/na-strone-inter-1-1024x801.jpg\" class=\"attachment-large size-large wp-image-744\" alt=\"\" srcset=\"http:\/\/www.rampi.pl\/wp-content\/uploads\/2025\/10\/na-strone-inter-1-1024x801.jpg 1024w, http:\/\/www.rampi.pl\/wp-content\/uploads\/2025\/10\/na-strone-inter-1-600x469.jpg 600w, http:\/\/www.rampi.pl\/wp-content\/uploads\/2025\/10\/na-strone-inter-1-300x235.jpg 300w, http:\/\/www.rampi.pl\/wp-content\/uploads\/2025\/10\/na-strone-inter-1-768x601.jpg 768w, http:\/\/www.rampi.pl\/wp-content\/uploads\/2025\/10\/na-strone-inter-1-1536x1202.jpg 1536w, http:\/\/www.rampi.pl\/wp-content\/uploads\/2025\/10\/na-strone-inter-1-2048x1602.jpg 2048w\" sizes=\"(max-width: 800px) 100vw, 800px\" \/>\t\t\t\t\t\t\t\t\t\t\t\t\t\t\t<\/div>\n\t\t\t\t<\/div>\n\t\t<div class=\"elementor-element elementor-element-4ec29ff e-con-full e-flex e-con e-child\" data-id=\"4ec29ff\" data-element_type=\"container\" data-e-type=\"container\">\n\t\t\t\t<div class=\"elementor-element elementor-element-316e827 elementor-widget elementor-widget-image\" data-id=\"316e827\" data-element_type=\"widget\" data-e-type=\"widget\" data-widget_type=\"image.default\">\n\t\t\t\t\t\t\t\t\t\t\t\t\t\t\t<img loading=\"lazy\" decoding=\"async\" width=\"800\" height=\"626\" src=\"http:\/\/www.rampi.pl\/wp-content\/uploads\/2025\/10\/na-strone-interv-2-1024x801.jpg\" class=\"attachment-large size-large wp-image-745\" alt=\"\" srcset=\"http:\/\/www.rampi.pl\/wp-content\/uploads\/2025\/10\/na-strone-interv-2-1024x801.jpg 1024w, http:\/\/www.rampi.pl\/wp-content\/uploads\/2025\/10\/na-strone-interv-2-600x469.jpg 600w, http:\/\/www.rampi.pl\/wp-content\/uploads\/2025\/10\/na-strone-interv-2-300x235.jpg 300w, http:\/\/www.rampi.pl\/wp-content\/uploads\/2025\/10\/na-strone-interv-2-768x601.jpg 768w, http:\/\/www.rampi.pl\/wp-content\/uploads\/2025\/10\/na-strone-interv-2-1536x1202.jpg 1536w, http:\/\/www.rampi.pl\/wp-content\/uploads\/2025\/10\/na-strone-interv-2-2048x1602.jpg 2048w\" sizes=\"(max-width: 800px) 100vw, 800px\" \/>\t\t\t\t\t\t\t\t\t\t\t\t\t\t\t<\/div>\n\t\t\t\t<\/div>\n\t\t<div class=\"elementor-element elementor-element-1087ce6 e-con-full e-flex e-con e-child\" data-id=\"1087ce6\" data-element_type=\"container\" data-e-type=\"container\">\n\t\t\t\t<div class=\"elementor-element elementor-element-75e855a elementor-widget__width-initial elementor-widget elementor-widget-image\" data-id=\"75e855a\" data-element_type=\"widget\" data-e-type=\"widget\" data-widget_type=\"image.default\">\n\t\t\t\t\t\t\t\t\t\t\t\t\t\t\t<img loading=\"lazy\" decoding=\"async\" width=\"800\" height=\"626\" src=\"http:\/\/www.rampi.pl\/wp-content\/uploads\/2025\/10\/na-strone-inter-4-1024x801.jpg\" class=\"attachment-large size-large wp-image-749\" alt=\"\" srcset=\"http:\/\/www.rampi.pl\/wp-content\/uploads\/2025\/10\/na-strone-inter-4-1024x801.jpg 1024w, http:\/\/www.rampi.pl\/wp-content\/uploads\/2025\/10\/na-strone-inter-4-600x469.jpg 600w, http:\/\/www.rampi.pl\/wp-content\/uploads\/2025\/10\/na-strone-inter-4-300x235.jpg 300w, http:\/\/www.rampi.pl\/wp-content\/uploads\/2025\/10\/na-strone-inter-4-768x601.jpg 768w, http:\/\/www.rampi.pl\/wp-content\/uploads\/2025\/10\/na-strone-inter-4-1536x1202.jpg 1536w, http:\/\/www.rampi.pl\/wp-content\/uploads\/2025\/10\/na-strone-inter-4-2048x1602.jpg 2048w\" sizes=\"(max-width: 800px) 100vw, 800px\" \/>\t\t\t\t\t\t\t\t\t\t\t\t\t\t\t<\/div>\n\t\t\t\t<\/div>\n\t\t<div class=\"elementor-element elementor-element-52130a1 e-con-full e-flex e-con e-child\" data-id=\"52130a1\" data-element_type=\"container\" data-e-type=\"container\">\n\t\t\t\t<div class=\"elementor-element elementor-element-faf3440 elementor-widget elementor-widget-image\" data-id=\"faf3440\" data-element_type=\"widget\" data-e-type=\"widget\" data-widget_type=\"image.default\">\n\t\t\t\t\t\t\t\t\t\t\t\t\t\t\t<img loading=\"lazy\" decoding=\"async\" width=\"800\" height=\"626\" src=\"http:\/\/www.rampi.pl\/wp-content\/uploads\/2025\/10\/na-strone-inter-5-1024x801.jpg\" class=\"attachment-large size-large wp-image-753\" alt=\"\" srcset=\"http:\/\/www.rampi.pl\/wp-content\/uploads\/2025\/10\/na-strone-inter-5-1024x801.jpg 1024w, http:\/\/www.rampi.pl\/wp-content\/uploads\/2025\/10\/na-strone-inter-5-600x469.jpg 600w, http:\/\/www.rampi.pl\/wp-content\/uploads\/2025\/10\/na-strone-inter-5-300x235.jpg 300w, http:\/\/www.rampi.pl\/wp-content\/uploads\/2025\/10\/na-strone-inter-5-768x601.jpg 768w, http:\/\/www.rampi.pl\/wp-content\/uploads\/2025\/10\/na-strone-inter-5-1536x1202.jpg 1536w, http:\/\/www.rampi.pl\/wp-content\/uploads\/2025\/10\/na-strone-inter-5-2048x1602.jpg 2048w\" sizes=\"(max-width: 800px) 100vw, 800px\" \/>\t\t\t\t\t\t\t\t\t\t\t\t\t\t\t<\/div>\n\t\t\t\t<\/div>\n\t\t<div class=\"elementor-element elementor-element-d94f1d3 e-con-full e-flex e-con e-child\" data-id=\"d94f1d3\" data-element_type=\"container\" data-e-type=\"container\">\n\t\t\t\t<div class=\"elementor-element elementor-element-fa24b09 elementor-widget elementor-widget-image\" data-id=\"fa24b09\" data-element_type=\"widget\" data-e-type=\"widget\" data-widget_type=\"image.default\">\n\t\t\t\t\t\t\t\t\t\t\t\t\t\t\t<img loading=\"lazy\" decoding=\"async\" width=\"800\" height=\"688\" src=\"http:\/\/www.rampi.pl\/wp-content\/uploads\/2025\/10\/zaproszenie-laptop-przod-1024x880.jpg\" class=\"attachment-large size-large wp-image-822\" alt=\"\" srcset=\"http:\/\/www.rampi.pl\/wp-content\/uploads\/2025\/10\/zaproszenie-laptop-przod-1024x880.jpg 1024w, http:\/\/www.rampi.pl\/wp-content\/uploads\/2025\/10\/zaproszenie-laptop-przod-600x515.jpg 600w, http:\/\/www.rampi.pl\/wp-content\/uploads\/2025\/10\/zaproszenie-laptop-przod-300x258.jpg 300w, http:\/\/www.rampi.pl\/wp-content\/uploads\/2025\/10\/zaproszenie-laptop-przod-768x660.jpg 768w, http:\/\/www.rampi.pl\/wp-content\/uploads\/2025\/10\/zaproszenie-laptop-przod-1536x1320.jpg 1536w, http:\/\/www.rampi.pl\/wp-content\/uploads\/2025\/10\/zaproszenie-laptop-przod.jpg 2044w\" sizes=\"(max-width: 800px) 100vw, 800px\" \/>\t\t\t\t\t\t\t\t\t\t\t\t\t\t\t<\/div>\n\t\t\t\t<\/div>\n\t\t\t\t\t<\/div>\n\t\t\t\t<\/div>\n\t\t\t\t<\/div>\n\t\t","protected":false},"excerpt":{"rendered":"<p>Sprawd\u017a Nasze portfolio DRUK AKCYDENSOWY S\u0105 to wszelkiego rodzaju dokumenty, formularze, samokopie do wype\u0142niania r\u0119cznego jako druki administracyjne. Oferujemy druk czarno-bia\u0142y na papierze offsetowym \/ eco \/ samokopii. W druk ten zaliczamy tak\u017ce czarno-bia\u0142e broszury i instrukcje id\u0105ce w tysi\u0105cach sztuk. Gwarantujemy przyst\u0119pne ceny, wysokiej jako\u015bci zadruki szybkie wykonanie zam\u00f3wienia. Printing press machine, mass production [&hellip;]<\/p>\n","protected":false},"author":1,"featured_media":0,"parent":0,"menu_order":0,"comment_status":"closed","ping_status":"closed","template":"","meta":{"footnotes":""},"class_list":["post-623","page","type-page","status-publish","hentry"],"_links":{"self":[{"href":"https:\/\/rampi.pl\/index.php\/wp-json\/wp\/v2\/pages\/623","targetHints":{"allow":["GET"]}}],"collection":[{"href":"https:\/\/rampi.pl\/index.php\/wp-json\/wp\/v2\/pages"}],"about":[{"href":"https:\/\/rampi.pl\/index.php\/wp-json\/wp\/v2\/types\/page"}],"author":[{"embeddable":true,"href":"https:\/\/rampi.pl\/index.php\/wp-json\/wp\/v2\/users\/1"}],"replies":[{"embeddable":true,"href":"https:\/\/rampi.pl\/index.php\/wp-json\/wp\/v2\/comments?post=623"}],"version-history":[{"count":65,"href":"https:\/\/rampi.pl\/index.php\/wp-json\/wp\/v2\/pages\/623\/revisions"}],"predecessor-version":[{"id":826,"href":"https:\/\/rampi.pl\/index.php\/wp-json\/wp\/v2\/pages\/623\/revisions\/826"}],"wp:attachment":[{"href":"https:\/\/rampi.pl\/index.php\/wp-json\/wp\/v2\/media?parent=623"}],"curies":[{"name":"wp","href":"https:\/\/api.w.org\/{rel}","templated":true}]}}