{"id":92,"date":"2025-05-28T13:34:26","date_gmt":"2025-05-28T11:34:26","guid":{"rendered":"http:\/\/wordpress.test\/index.php\/about\/"},"modified":"2025-10-27T15:18:30","modified_gmt":"2025-10-27T14:18:30","slug":"o-nas","status":"publish","type":"page","link":"https:\/\/rampi.pl\/index.php\/o-nas\/","title":{"rendered":"O nas"},"content":{"rendered":"\t\t<div data-elementor-type=\"wp-page\" data-elementor-id=\"92\" class=\"elementor elementor-92\">\n\t\t\t\t<div class=\"elementor-element elementor-element-7ad8c95 e-flex e-con-boxed e-con e-parent\" data-id=\"7ad8c95\" data-element_type=\"container\" data-e-type=\"container\" data-settings=\"{&quot;background_background&quot;:&quot;gradient&quot;,&quot;shape_divider_top&quot;:&quot;split&quot;}\">\n\t\t\t\t\t<div class=\"e-con-inner\">\n\t\t\t\t<div class=\"elementor-shape elementor-shape-top\" aria-hidden=\"true\" data-negative=\"false\">\n\t\t\t<svg xmlns=\"http:\/\/www.w3.org\/2000\/svg\" viewBox=\"0 0 1000 20\" preserveAspectRatio=\"none\">\n\t<path class=\"elementor-shape-fill\" d=\"M0,0v3c0,0,393.8,0,483.4,0c9.2,0,16.6,7.4,16.6,16.6c0-9.1,7.4-16.6,16.6-16.6C606.2,3,1000,3,1000,3V0H0z\"\/>\n<\/svg>\t\t<\/div>\n\t\t\t\t<div class=\"elementor-element elementor-element-ba4a874 elementor-widget elementor-widget-heading\" data-id=\"ba4a874\" data-element_type=\"widget\" data-e-type=\"widget\" data-widget_type=\"heading.default\">\n\t\t\t\t\t<h3 class=\"elementor-heading-title elementor-size-default\">Za kulisami<\/h3>\t\t\t\t<\/div>\n\t\t\t\t<div class=\"elementor-element elementor-element-1d6fd482 elementor-widget elementor-widget-heading\" data-id=\"1d6fd482\" data-element_type=\"widget\" data-e-type=\"widget\" data-widget_type=\"heading.default\">\n\t\t\t\t\t<h1 class=\"elementor-heading-title elementor-size-default\">O Nas<\/h1>\t\t\t\t<\/div>\n\t\t\t\t\t<\/div>\n\t\t\t\t<\/div>\n\t\t<div class=\"elementor-element elementor-element-1dd02ae5 e-con-full e-flex e-con e-parent\" data-id=\"1dd02ae5\" data-element_type=\"container\" data-e-type=\"container\">\n\t\t\t\t<div class=\"elementor-element elementor-element-640d4796 elementor-widget elementor-widget-zigzag\" data-id=\"640d4796\" data-element_type=\"widget\" data-e-type=\"widget\" data-settings=\"{&quot;image_shape&quot;:&quot;sharp&quot;}\" data-widget_type=\"zigzag.default\">\n\t\t\t\t<div class=\"elementor-widget-container\">\n\t\t\t\t\t\t\t<div class=\"ehp-zigzag has-direction-start\">\n\t\t\t\t\t\t\t<div class=\"ehp-zigzag__item-wrapper\">\n\t\t\t\t\t<div class=\"ehp-zigzag__item-container\">\n\t\t\t\t\t\t\t\t<div class=\"ehp-zigzag__graphic-element-container has-image\">\n\t\t\t\t\t\t<div class=\"ehp-image ehp-zigzag__image-container\">\n\t\t\t\t<img decoding=\"async\" class=\"ehp-image__img ehp-zigzag__img has-shape-sharp shape-type-image\" src=\"https:\/\/rampi.pl\/wp-content\/uploads\/2025\/05\/ELEMENTY-KRZYWE-08.png\" title=\"ELEMENTY KRZYWE-08\" alt=\"ELEMENTY KRZYWE-08\" loading=\"lazy\" \/>\t\t\t<\/div>\n\t\t\t\t\t<\/div>\n\t\t\t\t<div class=\"ehp-zigzag__text-container is-graphic-image\">\n\t\t\t<h2 class=\"ehp-zigzag__title\">Od czego si\u0119 zacze\u0142o<\/h2><p class=\"ehp-zigzag__description\">In a world where marketing strategies abound, we don't merely construct campaigns; we meticulously craft profound relationships with our clients.\n\nOur complete approach carefully studies your goals. This allows us to deliver results that not only meet, but also go beyond your expectations.<\/p>\t\t<\/div>\n\t\t\t\t\t\t\t<\/div>\n\t\t\t\t<\/div>\n\t\t\t\t\t\t\t\t<div class=\"ehp-zigzag__item-wrapper\">\n\t\t\t\t\t<div class=\"ehp-zigzag__item-container\">\n\t\t\t\t\t\t\t\t<div class=\"ehp-zigzag__graphic-element-container has-image\">\n\t\t\t\t\t\t<div class=\"ehp-image ehp-zigzag__image-container ehp-image ehp-zigzag__image-container\">\n\t\t\t\t<img decoding=\"async\" class=\"ehp-image__img ehp-zigzag__img has-shape-sharp shape-type-image\" src=\"https:\/\/rampi.pl\/wp-content\/uploads\/2025\/07\/Abraham_van_Werdt_-_Interior_of_a_printing_factory_in_Nuremberg_Germany_workers_at_work_beginning_of_-_MeisterDrucke-927257-e1752583824275.jpg\" title=\"Abraham_van_Werdt_-_Interior_of_a_printing_factory_in_Nuremberg_Germany_workers_at_work_beginning_of_-_(MeisterDrucke-927257)\" alt=\"Abraham_van_Werdt_-_Interior_of_a_printing_factory_in_Nuremberg_Germany_workers_at_work_beginning_of_-_(MeisterDrucke-927257)\" loading=\"lazy\" \/>\t\t\t<\/div>\n\t\t\t\t\t<\/div>\n\t\t\t\t<div class=\"ehp-zigzag__text-container is-graphic-image\">\n\t\t\t<h2 class=\"ehp-zigzag__title\">Sk\u0105d Gryf ?<\/h2><p class=\"ehp-zigzag__description\">Gryf wnosi tradycj\u0119, si\u0142\u0119 i symbolik\u0119 rzemios\u0142a. Piecz\u0119\u0107 dodaje nowoczesn\u0105 precyzj\u0119 i gwarancj\u0119 jako\u015bci. To logo m\u00f3wi, \u017ce w naszej pracy \u0142\u0105czy si\u0119 szacunek do historii drukarstwa z nowoczesnymi technologiami. To wizualna obietnica, \u017ce wszystko, co u nas wydrukujesz, b\u0119dzie nie tylko \u015bwietnie wykonane, ale te\u017c b\u0119dzie mia\u0142o w sobie \"to co\u015b\" \u2013 warto\u015b\u0107, kt\u00f3r\u0105 mo\u017ce da\u0107 tylko firma z tak\u0105 pasj\u0105 i dba\u0142o\u015bci\u0105 o szczeg\u00f3\u0142y.<\/p>\t\t<\/div>\n\t\t\t\t\t\t\t<\/div>\n\t\t\t\t<\/div>\n\t\t\t\t\t\t\t<\/div>\n\t\t\t\t\t\t<\/div>\n\t\t\t\t<\/div>\n\t\t\t\t<\/div>\n\t\t<div class=\"elementor-element elementor-element-3790f4e8 e-flex e-con-boxed e-con e-parent\" data-id=\"3790f4e8\" data-element_type=\"container\" data-e-type=\"container\" data-settings=\"{&quot;background_background&quot;:&quot;classic&quot;}\">\n\t\t\t\t\t<div class=\"e-con-inner\">\n\t\t<div class=\"elementor-element elementor-element-211f9ce3 e-con-full e-flex e-con e-child\" data-id=\"211f9ce3\" data-element_type=\"container\" data-e-type=\"container\" data-settings=\"{&quot;background_background&quot;:&quot;classic&quot;}\">\n\t\t<div class=\"elementor-element elementor-element-7c45804b e-con-full e-flex e-con e-child\" data-id=\"7c45804b\" data-element_type=\"container\" data-e-type=\"container\" data-settings=\"{&quot;background_background&quot;:&quot;classic&quot;}\">\n\t\t\t\t<div class=\"elementor-element elementor-element-5dec856e elementor-widget elementor-widget-heading\" data-id=\"5dec856e\" data-element_type=\"widget\" data-e-type=\"widget\" data-widget_type=\"heading.default\">\n\t\t\t\t\t<h4 class=\"elementor-heading-title elementor-size-default\">\u0141\u0105czymy tradycje z nowoczesno\u015bci\u0105<\/h4>\t\t\t\t<\/div>\n\t\t\t\t<div class=\"elementor-element elementor-element-38848ac2 elementor-widget elementor-widget-text-editor\" data-id=\"38848ac2\" data-element_type=\"widget\" data-e-type=\"widget\" data-widget_type=\"text-editor.default\">\n\t\t\t\t\t\t\t\t\t<p>Gryf i Piecz\u0119\u0107 razem tworz\u0105 idealne po\u0142\u0105czenie:<\/p><ul><li><strong>Gryf<\/strong>\u00a0 wnosi tradycj\u0119, si\u0142\u0119 i symbolik\u0119 rzemios\u0142a.<\/li><\/ul><ul><li><strong>Piecz\u0119\u0107<\/strong>\u00a0 dodaje nowoczesn\u0105 precyzj\u0119 i gwarancj\u0119 jako\u015bci.<\/li><\/ul>\t\t\t\t\t\t\t\t<\/div>\n\t\t\t\t<\/div>\n\t\t<div class=\"elementor-element elementor-element-24c1424c e-con-full e-flex e-con e-child\" data-id=\"24c1424c\" data-element_type=\"container\" data-e-type=\"container\" data-settings=\"{&quot;background_background&quot;:&quot;classic&quot;}\">\n\t\t\t\t<div class=\"elementor-element elementor-element-1f33997 elementor-widget elementor-widget-heading\" data-id=\"1f33997\" data-element_type=\"widget\" data-e-type=\"widget\" data-widget_type=\"heading.default\">\n\t\t\t\t\t<h4 class=\"elementor-heading-title elementor-size-default\">Druk Offsetowy<\/h4>\t\t\t\t<\/div>\n\t\t\t\t<div class=\"elementor-element elementor-element-82164a6 elementor-widget elementor-widget-text-editor\" data-id=\"82164a6\" data-element_type=\"widget\" data-e-type=\"widget\" data-widget_type=\"text-editor.default\">\n\t\t\t\t\t\t\t\t\t<p>DO\u015aWIADCZONY RZEMIE\u015aLNIK<\/p><p>Jest idealny do du\u017cych nak\u0142ad\u00f3w, gdzie liczy si\u0119 perfekcja i powtarzalno\u015b\u0107. Wykorzystuje matryce, <span style=\"color: var( --e-global-color-text ); font-family: var( --e-global-typography-text-font-family ), Sans-serif; font-size: var( --e-global-typography-text-font-size ); font-style: var( --e-global-typography-text-font-style ); font-weight: var( --e-global-typography-text-font-weight ); letter-spacing: var( --e-global-typography-text-letter-spacing ); text-transform: var( --e-global-typography-text-text-transform ); background-color: var( --e-global-color-b500f0a );\">co sprawia, \u017ce przygotowanie do druku jest bardziej czasoch\u0142onne, ale gdy maszyna ruszy, ka\u017cdy kolejny egzemplarz jest identyczny i ma najwy\u017csz\u0105 jako\u015b\u0107.<\/span><\/p>\t\t\t\t\t\t\t\t<\/div>\n\t\t\t\t<\/div>\n\t\t<div class=\"elementor-element elementor-element-4e21d9b2 e-con-full e-flex e-con e-child\" data-id=\"4e21d9b2\" data-element_type=\"container\" data-e-type=\"container\" data-settings=\"{&quot;background_background&quot;:&quot;classic&quot;}\">\n\t\t\t\t<div class=\"elementor-element elementor-element-35b10fe9 elementor-widget elementor-widget-heading\" data-id=\"35b10fe9\" data-element_type=\"widget\" data-e-type=\"widget\" data-widget_type=\"heading.default\">\n\t\t\t\t\t<h4 class=\"elementor-heading-title elementor-size-default\">Druk cyfrowy<\/h4>\t\t\t\t<\/div>\n\t\t\t\t<div class=\"elementor-element elementor-element-3aeb8917 elementor-widget elementor-widget-text-editor\" data-id=\"3aeb8917\" data-element_type=\"widget\" data-e-type=\"widget\" data-widget_type=\"text-editor.default\">\n\t\t\t\t\t\t\t\t\t<p>SZYBKI SPECJALISTA<\/p><p>Dzia\u0142a podobnie jak domowa drukarka, ale na skal\u0119 przemys\u0142ow\u0105. Nie wymaga matryc, wi\u0119c jest idealny do ma\u0142ych nak\u0142ad\u00f3w, druk\u00f3w spersonalizowanych oraz projekt\u00f3w &#8222;na ju\u017c&#8221;.\u00a0<\/p>\t\t\t\t\t\t\t\t<\/div>\n\t\t\t\t<\/div>\n\t\t<div class=\"elementor-element elementor-element-b743496 e-con-full e-flex e-con e-child\" data-id=\"b743496\" data-element_type=\"container\" data-e-type=\"container\" data-settings=\"{&quot;background_background&quot;:&quot;classic&quot;}\">\n\t\t\t\t<div class=\"elementor-element elementor-element-5100736a elementor-widget elementor-widget-heading\" data-id=\"5100736a\" data-element_type=\"widget\" data-e-type=\"widget\" data-widget_type=\"heading.default\">\n\t\t\t\t\t<h4 class=\"elementor-heading-title elementor-size-default\">Piecz\u0105tki<\/h4>\t\t\t\t<\/div>\n\t\t\t\t<div class=\"elementor-element elementor-element-4ae46d89 elementor-widget elementor-widget-text-editor\" data-id=\"4ae46d89\" data-element_type=\"widget\" data-e-type=\"widget\" data-widget_type=\"text-editor.default\">\n\t\t\t\t\t\t\t\t\t<p>Nasze piecz\u0105tki montowane s\u0105 na solidnych, uchwytach firmy Wagraf i Trodat, kt\u00f3re zapewniaj\u0105 komfort u\u017cytkowania.<\/p><p>Niezale\u017cnie od tego, czy to ma\u0142a piecz\u0105tka firmowa,\u00a0 czy du\u017ca piecz\u0119\u0107 na dokumenty, ka\u017cda jest odporna wielokrotne naciski, co sprawia, \u017ce odbicia s\u0105 zawsze wyra\u017ane. Nawet po tysi\u0105cach u\u017cy\u0107.<\/p>\t\t\t\t\t\t\t\t<\/div>\n\t\t\t\t<\/div>\n\t\t\t\t<\/div>\n\t\t<div class=\"elementor-element elementor-element-2ee4e312 e-con-full e-flex e-con e-child\" data-id=\"2ee4e312\" data-element_type=\"container\" data-e-type=\"container\">\n\t\t\t\t<div class=\"elementor-element elementor-element-52f09552 elementor-widget elementor-widget-heading\" data-id=\"52f09552\" data-element_type=\"widget\" data-e-type=\"widget\" data-widget_type=\"heading.default\">\n\t\t\t\t\t<h3 class=\"elementor-heading-title elementor-size-default\">RODZAJE DRUK\u00d3W<\/h3>\t\t\t\t<\/div>\n\t\t\t\t<div class=\"elementor-element elementor-element-5f3503c8 elementor-widget elementor-widget-cta\" data-id=\"5f3503c8\" data-element_type=\"widget\" data-e-type=\"widget\" data-settings=\"{&quot;cta_position&quot;:&quot;column&quot;,&quot;primary_button_shape&quot;:&quot;round&quot;,&quot;layout_preset&quot;:&quot;streamline&quot;,&quot;content_alignment&quot;:&quot;start&quot;,&quot;content_alignment_tablet&quot;:&quot;center&quot;,&quot;content_alignment_mobile&quot;:&quot;center&quot;,&quot;cta_width&quot;:&quot;default&quot;,&quot;box_shape&quot;:&quot;sharp&quot;}\" data-widget_type=\"cta.default\">\n\t\t\t\t<div class=\"elementor-widget-container\">\n\t\t\t\t\t\t\t<div class=\"has-shape-sharp shape-type-box ehp-cta has-preset-streamline\">\n\t\t\t<div class=\"ehp-cta__overlay\"><\/div>\n\t\t\t<div class=\"ehp-cta__elements-container\">\n\t\t\t\t\t\t<div class=\"ehp-cta__text-container\">\n\t\t\t<h2 class=\"ehp-cta__heading\">WYBIERZ<br>TECHNIK\u0118<br>DO SWOICH POTRZEB<\/h2><p class=\"ehp-cta__description\">Wyb\u00f3r odpowiedniej techniki druku to klucz do sukcesu Twojego projektu. Niezale\u017cnie od tego, czy potrzebujesz du\u017cej partii <b>druku offsetowego<\/b>, szybko zrealizowanego <b>druku cyfrowego<\/b>, czy eleganckiego <b>graweru<\/b> na materia\u0142ach premium, pomo\u017cemy Ci dobra\u0107 idealne rozwi\u0105zanie.<\/p>\t\t<\/div>\n\t\t\t\t\t<div class=\"ehp-cta__ctas-container has-cta-width-default\">\n\t\t\t\t<div class=\"ehp-cta__buttons-wrapper\">\n\t\t\t\t\t\t\t<a class=\"has-shape-round shape-type-button ehp-button ehp-button--primary ehp-cta__button ehp-cta__button--primary is-type-button\" href=\"https:\/\/rampi.pl\/index.php\/oferta\/\">\n\t\t\t\t\t<span class=\"ehp-button__text ehp-cta__button-text ehp-cta__button-text--primary\">\n\t\t\tNasze Us\u0142ugi\t\t\t\t<\/a>\n\t\t\t\t\t\t\t\t\t\t\t<\/div>\n\t\t\t<\/div>\n\t\t\t\t\t<\/div>\n\t\t<\/div>\n\t\t\t\t\t\t<\/div>\n\t\t\t\t<\/div>\n\t\t\t\t<\/div>\n\t\t\t\t\t<\/div>\n\t\t\t\t<\/div>\n\t\t<div class=\"elementor-element elementor-element-6350337a e-flex e-con-boxed e-con e-parent\" data-id=\"6350337a\" data-element_type=\"container\" data-e-type=\"container\">\n\t\t\t\t\t<div class=\"e-con-inner\">\n\t\t\t\t<div class=\"elementor-element elementor-element-6ce71ea1 elementor-widget elementor-widget-heading\" data-id=\"6ce71ea1\" data-element_type=\"widget\" data-e-type=\"widget\" data-widget_type=\"heading.default\">\n\t\t\t\t\t<h3 class=\"elementor-heading-title elementor-size-default\">NASI STALI KLIENCI<\/h3>\t\t\t\t<\/div>\n\t\t\t\t<div class=\"elementor-element elementor-element-67993dbc elementor-widget elementor-widget-heading\" data-id=\"67993dbc\" data-element_type=\"widget\" data-e-type=\"widget\" data-widget_type=\"heading.default\">\n\t\t\t\t\t<h2 class=\"elementor-heading-title elementor-size-default\">WSP\u00d3LNIE DZIA\u0141AMY<br>OD LAT<\/h2>\t\t\t\t<\/div>\n\t\t\t\t<div class=\"elementor-element elementor-element-26667b6f elementor-widget elementor-widget-text-editor\" data-id=\"26667b6f\" data-element_type=\"widget\" data-e-type=\"widget\" data-widget_type=\"text-editor.default\">\n\t\t\t\t\t\t\t\t\t<p>Poznaj firmy kt\u00f3re nam zaufa\u0142y i pozostaj\u0105 z nami od lat. Staramy si\u0119 by ka\u017cda dostawa by\u0142a niezawodna i na czas!<\/p>\t\t\t\t\t\t\t\t<\/div>\n\t\t\t\t<div class=\"elementor-element elementor-element-5434d5e4 elementor-widget elementor-widget-image-carousel\" data-id=\"5434d5e4\" data-element_type=\"widget\" data-e-type=\"widget\" data-settings=\"{&quot;slides_to_show&quot;:&quot;6&quot;,&quot;slides_to_scroll&quot;:&quot;1&quot;,&quot;navigation&quot;:&quot;none&quot;,&quot;pause_on_hover&quot;:&quot;no&quot;,&quot;slides_to_show_tablet&quot;:&quot;3&quot;,&quot;slides_to_scroll_tablet&quot;:&quot;1&quot;,&quot;autoplay&quot;:&quot;yes&quot;,&quot;pause_on_interaction&quot;:&quot;yes&quot;,&quot;autoplay_speed&quot;:5000,&quot;infinite&quot;:&quot;yes&quot;,&quot;speed&quot;:500}\" data-widget_type=\"image-carousel.default\">\n\t\t\t\t\t\t\t<div class=\"elementor-image-carousel-wrapper swiper\" role=\"region\" aria-roledescription=\"carousel\" aria-label=\"Karuzela obrazk\u00f3w\" dir=\"ltr\">\n\t\t\t<div class=\"elementor-image-carousel swiper-wrapper\" aria-live=\"off\">\n\t\t\t\t\t\t\t\t<div class=\"swiper-slide\" role=\"group\" aria-roledescription=\"slide\" aria-label=\"1 z 6\"><figure class=\"swiper-slide-inner\"><img decoding=\"async\" class=\"swiper-slide-image\" src=\"http:\/\/rampi.pl\/wp-content\/uploads\/2025\/10\/zaproszenie-laptop-przod-150x150.jpg\" alt=\"mockups-design.com\" \/><\/figure><\/div><div class=\"swiper-slide\" role=\"group\" aria-roledescription=\"slide\" aria-label=\"2 z 6\"><figure class=\"swiper-slide-inner\"><img decoding=\"async\" class=\"swiper-slide-image\" src=\"http:\/\/rampi.pl\/wp-content\/uploads\/2025\/10\/OKLADKA-150x150.jpg\" alt=\"mockups-design.com\" \/><\/figure><\/div><div class=\"swiper-slide\" role=\"group\" aria-roledescription=\"slide\" aria-label=\"3 z 6\"><figure class=\"swiper-slide-inner\"><img decoding=\"async\" class=\"swiper-slide-image\" src=\"http:\/\/rampi.pl\/wp-content\/uploads\/2025\/10\/do-gebiccy-2-150x150.jpg\" alt=\"do gebiccy 2\" \/><\/figure><\/div><div class=\"swiper-slide\" role=\"group\" aria-roledescription=\"slide\" aria-label=\"4 z 6\"><figure class=\"swiper-slide-inner\"><img decoding=\"async\" class=\"swiper-slide-image\" src=\"http:\/\/rampi.pl\/wp-content\/uploads\/2025\/10\/ZAPROSZENIE-150x150.jpg\" alt=\"graficzny.com.pl\" \/><\/figure><\/div><div class=\"swiper-slide\" role=\"group\" aria-roledescription=\"slide\" aria-label=\"5 z 6\"><figure class=\"swiper-slide-inner\"><img decoding=\"async\" class=\"swiper-slide-image\" src=\"http:\/\/rampi.pl\/wp-content\/uploads\/2025\/10\/na-strone-interv-2-150x150.jpg\" alt=\"na stron\u0119 interv 2\" \/><\/figure><\/div><div class=\"swiper-slide\" role=\"group\" aria-roledescription=\"slide\" aria-label=\"6 z 6\"><figure class=\"swiper-slide-inner\"><img decoding=\"async\" class=\"swiper-slide-image\" src=\"http:\/\/rampi.pl\/wp-content\/uploads\/2025\/10\/skontaktuj-sie-kopia-150x150.webp\" alt=\"skontaktuj si\u0119 kopia\" \/><\/figure><\/div>\t\t\t<\/div>\n\t\t\t\t\t\t\t\n\t\t\t\t\t\t\t\t\t<\/div>\n\t\t\t\t\t\t<\/div>\n\t\t\t\t\t<\/div>\n\t\t\t\t<\/div>\n\t\t<div class=\"elementor-element elementor-element-2ddbe92e e-flex e-con-boxed e-con e-parent\" data-id=\"2ddbe92e\" data-element_type=\"container\" data-e-type=\"container\" data-settings=\"{&quot;background_background&quot;:&quot;gradient&quot;,&quot;shape_divider_top&quot;:&quot;pyramids&quot;}\">\n\t\t\t\t\t<div class=\"e-con-inner\">\n\t\t\t\t<div class=\"elementor-shape elementor-shape-top\" aria-hidden=\"true\" data-negative=\"false\">\n\t\t\t<svg xmlns=\"http:\/\/www.w3.org\/2000\/svg\" viewBox=\"0 0 1000 100\" preserveAspectRatio=\"none\">\n\t<path class=\"elementor-shape-fill\" d=\"M761.9,44.1L643.1,27.2L333.8,98L0,3.8V0l1000,0v3.9\"\/>\n<\/svg>\t\t<\/div>\n\t\t<div class=\"elementor-element elementor-element-471caf04 e-con-full e-flex e-con e-child\" data-id=\"471caf04\" data-element_type=\"container\" data-e-type=\"container\">\n\t\t\t\t<div class=\"elementor-element elementor-element-490402f2 elementor-widget elementor-widget-cta\" data-id=\"490402f2\" data-element_type=\"widget\" data-e-type=\"widget\" data-settings=\"{&quot;primary_button_shape&quot;:&quot;round&quot;,&quot;layout_preset&quot;:&quot;focus&quot;,&quot;cta_vertical_position&quot;:&quot;start&quot;,&quot;box_shape&quot;:&quot;sharp&quot;}\" data-widget_type=\"cta.default\">\n\t\t\t\t<div class=\"elementor-widget-container\">\n\t\t\t\t\t\t\t<div class=\"has-shape-sharp shape-type-box ehp-cta has-preset-focus\">\n\t\t\t<div class=\"ehp-cta__overlay\"><\/div>\n\t\t\t<div class=\"ehp-cta__elements-container\">\n\t\t\t\t\t\t<div class=\"ehp-cta__text-container\">\n\t\t\t<h1 class=\"ehp-cta__heading\">Chcesz zwi\u0119kszy\u0107 rozpoznawalno\u015b\u0107 swojej firmy ?<\/h1><h4 class=\"ehp-cta__description\">Zr\u00f3b to z Nami!<\/h4>\t\t<\/div>\n\t\t\t\t\t<div class=\"ehp-cta__ctas-container\">\n\t\t\t\t<div class=\"ehp-cta__buttons-wrapper\">\n\t\t\t\t\t\t\t<a class=\"has-shape-round shape-type-button ehp-button ehp-button--primary ehp-cta__button ehp-cta__button--primary is-type-button\" href=\"https:\/\/rampi.pl\/index.php\/kontakt\/\">\n\t\t\t<svg aria-hidden=\"true\" class=\"ehp-button__icon e-font-icon-svg e-fas-arrow-right\" 0=\"ehp-cta__button-icon\" viewBox=\"0 0 448 512\" xmlns=\"http:\/\/www.w3.org\/2000\/svg\"><path d=\"M190.5 66.9l22.2-22.2c9.4-9.4 24.6-9.4 33.9 0L441 239c9.4 9.4 9.4 24.6 0 33.9L246.6 467.3c-9.4 9.4-24.6 9.4-33.9 0l-22.2-22.2c-9.5-9.5-9.3-25 .4-34.3L311.4 296H24c-13.3 0-24-10.7-24-24v-32c0-13.3 10.7-24 24-24h287.4L190.9 101.2c-9.8-9.3-10-24.8-.4-34.3z\"><\/path><\/svg>\t\t<span class=\"ehp-button__text ehp-cta__button-text ehp-cta__button-text--primary\">\n\t\t\tZadzwo\u0144\t\t\t\t<\/a>\n\t\t\t\t\t\t\t\t\t\t\t<\/div>\n\t\t\t<\/div>\n\t\t\t\t\t<\/div>\n\t\t<\/div>\n\t\t\t\t\t\t<\/div>\n\t\t\t\t<\/div>\n\t\t\t\t<\/div>\n\t\t<div class=\"elementor-element elementor-element-75922b95 e-con-full e-flex e-con e-child\" data-id=\"75922b95\" data-element_type=\"container\" data-e-type=\"container\">\n\t\t\t\t<div class=\"elementor-element elementor-element-37184ada elementor-widget elementor-widget-image\" data-id=\"37184ada\" data-element_type=\"widget\" data-e-type=\"widget\" data-widget_type=\"image.default\">\n\t\t\t\t\t\t\t\t\t\t\t\t\t\t\t<img decoding=\"async\" src=\"http:\/\/wordpress.test\/wp-content\/uploads\/2025\/05\/CTA-About-new.png\" title=\"\" alt=\"\" loading=\"lazy\" \/>\t\t\t\t\t\t\t\t\t\t\t\t\t\t\t<\/div>\n\t\t\t\t<\/div>\n\t\t\t\t\t<\/div>\n\t\t\t\t<\/div>\n\t\t\t\t<\/div>\n\t\t","protected":false},"excerpt":{"rendered":"<p>Za kulisami O Nas Od czego si\u0119 zacze\u0142o In a world where marketing strategies abound, we don&#8217;t merely construct campaigns; we meticulously craft profound relationships with our clients. Our complete approach carefully studies your goals. This allows us to deliver results that not only meet, but also go beyond your expectations. Sk\u0105d Gryf ? Gryf [&hellip;]<\/p>\n","protected":false},"author":1,"featured_media":0,"parent":0,"menu_order":0,"comment_status":"closed","ping_status":"closed","template":"elementor_header_footer","meta":{"footnotes":""},"class_list":["post-92","page","type-page","status-publish","hentry"],"_links":{"self":[{"href":"https:\/\/rampi.pl\/index.php\/wp-json\/wp\/v2\/pages\/92","targetHints":{"allow":["GET"]}}],"collection":[{"href":"https:\/\/rampi.pl\/index.php\/wp-json\/wp\/v2\/pages"}],"about":[{"href":"https:\/\/rampi.pl\/index.php\/wp-json\/wp\/v2\/types\/page"}],"author":[{"embeddable":true,"href":"https:\/\/rampi.pl\/index.php\/wp-json\/wp\/v2\/users\/1"}],"replies":[{"embeddable":true,"href":"https:\/\/rampi.pl\/index.php\/wp-json\/wp\/v2\/comments?post=92"}],"version-history":[{"count":71,"href":"https:\/\/rampi.pl\/index.php\/wp-json\/wp\/v2\/pages\/92\/revisions"}],"predecessor-version":[{"id":875,"href":"https:\/\/rampi.pl\/index.php\/wp-json\/wp\/v2\/pages\/92\/revisions\/875"}],"wp:attachment":[{"href":"https:\/\/rampi.pl\/index.php\/wp-json\/wp\/v2\/media?parent=92"}],"curies":[{"name":"wp","href":"https:\/\/api.w.org\/{rel}","templated":true}]}}